{"id":5,"date":"2020-09-15T17:44:39","date_gmt":"2020-09-15T15:44:39","guid":{"rendered":"http:\/\/www.urovy.fr\/index.php\/materialis\/"},"modified":"2020-11-18T18:42:21","modified_gmt":"2020-11-18T17:42:21","slug":"materialis","status":"publish","type":"page","link":"https:\/\/www.urovy.fr\/","title":{"rendered":"Accueil"},"content":{"rendered":"<div  id=\"sites-dexercice\" style=\"background-color: #ffffff;\" data-label=\"Sites dexercice\" data-id=\"features-10-materialis\" data-export-id=\"features-10-materialis\" data-category=\"features\" class=\"features-10m content-section-spacing-large content-section\"><div  class=\"gridContainer\"> <div  class=\"row\"><div  class=\"section-title-col\" data-type=\"column\"> <h2  class=\"\">Nos diff\u00e9rents sites d\u2019exercice<\/h2> <p  class=\"\">Nous travaillons sur diff\u00e9rents sites du territoire Yvelines sud pour \u00eatre au plus proche de vous.<\/p><\/div> <\/div> <div  class=\"row \"> <div  class=\"col-xs-12 col-md-10 col-md-offset-1\"> <div  class=\"row space-top spaced-cols content-center-sm\" data-type=\"row\" data-max-items=\"4\"> <div  class=\"col-xs-10 col-md-4 col-sm-6 col-sm-offset-0 col-xs-offset-1\"> <div  class=\"card no-radius mdc-elevation--z1 y-move bg-color-white padding-24 bordered\" data-type=\"column\">  <img decoding=\"async\"  class=\"custom-image\" src=\"https:\/\/www.urovy.fr\/wp-content\/uploads\/2020\/09\/LogoCHV-petit.jpg\"><p  class=\"\">Rendez-vous au :\n\n<br >01 39 63 87 73<\/p><a class=\"button blue mdc-ripple-upgraded\" href=\"https:\/\/www.keldoc.com\/centre-hospitalier\/le-chesnay-78150\/centre-hospitalier-de-versailles-andre-mignot\/#specialty-65-cabinet-7659\" target=\"_blank\" data-cp-link=\"1\" rel=\"noopener noreferrer\">Prendre rendez-vous en ligne<\/a><\/div> <\/div> <div  class=\"col-xs-10 col-md-4 col-sm-6 col-sm-offset-0 col-xs-offset-1\"> <div  class=\"card no-radius mdc-elevation--z1 y-move bg-color-white padding-24 bordered\" data-type=\"column\">  <img decoding=\"async\"  class=\"custom-image\" src=\"https:\/\/www.urovy.fr\/wp-content\/uploads\/2020\/09\/cropped-logo_rambouillet_transparent-NEW.png\"><p  class=\"\">Rendez-vous au :\n\n<br >01 34 83 78 29<\/p><a class=\"button blue mdc-ripple-upgraded\" href=\"https:\/\/www.doctolib.fr\/hopital-public\/rambouillet\/centre-hospitalier-de-rambouillet\" target=\"_blank\" data-cp-link=\"1\" rel=\"noopener noreferrer\">Prendre rendez-vous en ligne<\/a><\/div> <\/div> <div  class=\"col-xs-10 col-md-4 col-sm-6 col-sm-offset-0 col-xs-offset-1\"> <div  class=\"card no-radius mdc-elevation--z1 y-move bg-color-white padding-24 bordered\" data-type=\"column\">  <img decoding=\"async\"  class=\"custom-image\" src=\"https:\/\/www.urovy.fr\/wp-content\/uploads\/2020\/09\/cropped-Logo-CHP.png\"><p  class=\"\">Secr\u00e9tariat :\n\n<br >01 30 79 57 96<\/p><\/div> <\/div> <div  class=\"col-xs-10 col-md-4 col-sm-6 col-sm-offset-0 col-xs-offset-1\"> <div  class=\"card no-radius mdc-elevation--z1 y-move bg-color-white padding-24 bordered\" data-type=\"column\">  <img decoding=\"async\"  class=\"custom-image\" src=\"https:\/\/www.urovy.fr\/wp-content\/uploads\/2020\/09\/cropped-Logo-Vesinet.png\"><p  class=\"\">Secr\u00e9tariat :\n\n<br >01 30 15 82 91\n\n<br >01 30 15 82 92<\/p><\/div> <\/div>  <\/div> <\/div><\/div> <\/div><\/div><div  id=\"plaquette-information\" style=\"background-color: #f5fafd;\" data-label=\"Plaquette information\" data-id=\"cta-1-materialis\" data-export-id=\"cta-1-materialis\" data-category=\"cta\" class=\"content-relative content-section content-section-spacing-large cta-1-materialis section-title-col-white-text\" data-section-ov=\"1\" data-parallax-depth=\"20\"><div  class=\"gridContainer\"> <div  class=\"row text-center col-sm-padding-medium\"><div  class=\"col-md-6 col-md-offset-3 col-xs-10 col-xs-offset-1 card mdc-elevation--z3 box-padding-lr-small\"> <div  data-type=\"column\" class=\"\"><h2  class=\"\">Plaquette d\u2019information du service<\/h2> <p  class=\"\">Sur ce document vous retrouverez toutes les informations concernant les secteurs de consultation et d\u2019hospitalisation.<\/p> <a class=\"button blue mdc-ripple-upgraded\" href=\"https:\/\/www.urovy.fr\/index.php\/plaquette-dinformation-du-service\" target=\"_blank\" data-cp-link=\"1\" rel=\"noopener noreferrer\">Plaquette d\u2019information<\/a><\/div> <\/div><\/div> <\/div><\/div><div  id=\"team-7\" style=\"background-color: #ffffff;\" data-label=\"Team\" data-id=\"team-8-materialis\" data-export-id=\"team-8-materialis\" data-category=\"team\" class=\"team-8m content-section content-section-spacing-large\"><div  class=\"gridContainer\"> <div  class=\"row space-bottom\"><div  class=\"section-title-col\" data-type=\"column\"> <h2  class=\"\">Notre \u00e9quipe<\/h2> <p  class=\"lead\">Nous sommes une \u00e9quipe de cinq praticiens hospitaliers renforc\u00e9e par deux assistants des h\u00f4pitaux.<\/p><\/div> <\/div> <div  class=\"row spaced-cols content-left-sm\" data-type=\"row\" data-max-items=\"4\"> <div  class=\"col-xs-12 col-sm-12 col-md-6\"> <div  class=\"row\"> <div  class=\"col-xs-12 col-sm-6 col-md-6\"> <div  class=\"card mdc-elevation--z3 no-radius image-holder\" data-fixed=\"true\"> <img decoding=\"async\"  class=\"face no-margin-bottom\" src=\"https:\/\/www.urovy.fr\/wp-content\/uploads\/2020\/09\/cropped-Logo-GHT-78Sud.png\"><\/div> <\/div> <div  class=\"col-xs-12 col-sm-6 col-md-6 right-col\"> <div  data-type=\"column\" class=\"description-container use-section-text-color\"> <h4  class=\"no-margin-bottom\">Docteur Beno\u00eet Vignes<\/h4> <p  class=\"font-300\">Chirurgien Urologue\n<br >Chef de service<\/p>  <div  class=\"social-icons-group col-no-padding\" data-type=\"group\"> <a href=\"#\" target=\"_self\" data-reiki-hidden=\"true\" rel=\"noopener noreferrer\"><i  class=\"mdi social-icon mdi-facebook\"><\/i><\/a> <a href=\"#\" target=\"_self\" data-reiki-hidden=\"true\" rel=\"noopener noreferrer\"><i  class=\"mdi social-icon mdi-twitter\"><\/i><\/a> <a href=\"#\" target=\"_self\" data-reiki-hidden=\"true\" rel=\"noopener noreferrer\"><i  class=\"mdi social-icon mdi-instagram\"><\/i><\/a> <a href=\"#\" target=\"_self\" rel=\"noopener noreferrer\"><i  class=\"mdi social-icon mdi-rss\"><\/i><\/a><\/div> <\/div><\/div> <\/div><\/div> <div  class=\"col-xs-12 col-sm-12 col-md-6\"><div  class=\"row\"> <div  class=\"col-xs-12 col-sm-6 col-md-6\"><div  class=\"card mdc-elevation--z3 no-radius image-holder\" data-fixed=\"true\"> <img decoding=\"async\"  class=\"face no-margin-bottom\" src=\"https:\/\/www.urovy.fr\/wp-content\/uploads\/2020\/09\/cropped-Logo-GHT-78Sud-1.png\"><\/div> <\/div> <div  class=\"col-xs-12 col-sm-6 col-md-6 right-col\"> <div  data-type=\"column\" class=\"description-container use-section-text-color\"> <h4  class=\"no-margin-bottom\">Dr Gr\u00e9goire Chevreau<\/h4> <p  class=\"font-300\">Chirurgien Urologue\n<br >Chef de service adjoint\n<\/p>   <a class=\"button blue mdc-ripple-upgraded\" href=\"http:\/\/www.docteurchevreau.fr\" target=\"_blank\" data-cp-link=\"1\" rel=\"noopener noreferrer\">www.docteurchevreau.fr<\/a><div  class=\"social-icons-group col-no-padding\" data-type=\"group\"> <a href=\"#\" target=\"_self\" data-reiki-hidden=\"true\" rel=\"noopener noreferrer\"><i  class=\"mdi social-icon mdi-facebook\"><\/i><\/a> <a href=\"#\" target=\"_self\" data-reiki-hidden=\"true\" rel=\"noopener noreferrer\"><i  class=\"mdi social-icon mdi-twitter\"><\/i><\/a> <a href=\"#\" target=\"_self\" data-reiki-hidden=\"true\" rel=\"noopener noreferrer\"><i  class=\"mdi social-icon mdi-instagram\"><\/i><\/a> <a href=\"http:\/\/www.docteurchevreau.fr\" target=\"_blank\" rel=\"noopener noreferrer\" class=\"\"><i  class=\"mdi social-icon mdi-link-variant\"><\/i><\/a><\/div><\/div><\/div> <\/div><\/div> <div  class=\"col-xs-12 col-sm-12 col-md-6\"><div  class=\"row\"> <div  class=\"col-xs-12 col-sm-6 col-md-6\"><div  class=\"card mdc-elevation--z3 no-radius image-holder\" data-fixed=\"true\"> <img decoding=\"async\"  class=\"face no-margin-bottom\" src=\"https:\/\/www.urovy.fr\/wp-content\/uploads\/2020\/09\/cropped-Logo-GHT-78Sud-2.png\"><\/div> <\/div> <div  class=\"col-xs-12 col-sm-6 col-md-6 right-col\"> <div  data-type=\"column\" class=\"description-container use-section-text-color\"> <h4  class=\"no-margin-bottom\">Docteur Jean Dominique Doublet<\/h4> <p  class=\"font-300\">Chirurgien Urologue<\/p>  <div  class=\"social-icons-group col-no-padding\" data-type=\"group\"> <a href=\"#\" target=\"_self\" data-reiki-hidden=\"true\" rel=\"noopener noreferrer\"><i  class=\"mdi social-icon mdi-facebook\"><\/i><\/a> <a href=\"#\" target=\"_self\" data-reiki-hidden=\"true\" rel=\"noopener noreferrer\"><i  class=\"mdi social-icon mdi-twitter\"><\/i><\/a> <a href=\"#\" target=\"_self\" data-reiki-hidden=\"true\" rel=\"noopener noreferrer\"><i  class=\"mdi social-icon mdi-instagram\"><\/i><\/a> <a href=\"#\" target=\"_self\" rel=\"noopener noreferrer\"><i  class=\"mdi social-icon mdi-rss\"><\/i><\/a><\/div> <\/div><\/div> <\/div><\/div> <div  class=\"col-xs-12 col-sm-12 col-md-6\"><div  class=\"row\"> <div  class=\"col-xs-12 col-sm-6 col-md-6\"><div  class=\"card mdc-elevation--z3 no-radius image-holder\" data-fixed=\"true\"> <img decoding=\"async\"  class=\"face no-margin-bottom\" src=\"https:\/\/www.urovy.fr\/wp-content\/uploads\/2020\/09\/cropped-Logo-GHT-78Sud-3.png\"><\/div> <\/div> <div  class=\"col-xs-12 col-sm-6 col-md-6 right-col\"> <div  data-type=\"column\" class=\"description-container use-section-text-color\"> <h4  class=\"no-margin-bottom\">Docteur Audrey Pichon<\/h4> <p  class=\"font-300\">Chirurgien Urologue<\/p>  <div  class=\"social-icons-group col-no-padding\" data-type=\"group\"> <a href=\"#\" target=\"_self\" data-reiki-hidden=\"true\" rel=\"noopener noreferrer\"><i  class=\"mdi social-icon mdi-facebook\"><\/i><\/a> <a href=\"#\" target=\"_self\" data-reiki-hidden=\"true\" rel=\"noopener noreferrer\"><i  class=\"mdi social-icon mdi-twitter\"><\/i><\/a> <a href=\"#\" target=\"_self\" data-reiki-hidden=\"true\" rel=\"noopener noreferrer\"><i  class=\"mdi social-icon mdi-instagram\"><\/i><\/a> <a href=\"#\" target=\"_self\" rel=\"noopener noreferrer\"><i  class=\"mdi social-icon mdi-rss\"><\/i><\/a><\/div> <\/div><\/div> <\/div><\/div> <div  class=\"col-xs-12 col-sm-12 col-md-6\"> <div  class=\"row\"> <div  class=\"col-xs-12 col-sm-6 col-md-6\"> <div  class=\"card mdc-elevation--z3 no-radius image-holder\" data-fixed=\"true\"> <img decoding=\"async\"  class=\"face no-margin-bottom\" src=\"https:\/\/www.urovy.fr\/wp-content\/uploads\/2020\/09\/cropped-Logo-GHT-78Sud.png\"><\/div> <\/div> <div  class=\"col-xs-12 col-sm-6 col-md-6 right-col\"> <div  data-type=\"column\" class=\"description-container use-section-text-color\"> <h4  class=\"no-margin-bottom\">Docteur Nicolas No\u00ebl<\/h4> <p  class=\"font-300\">Chirurgien Urologue\n<\/p>  <div  class=\"social-icons-group col-no-padding\" data-type=\"group\"> <a href=\"#\" target=\"_self\" data-reiki-hidden=\"true\" rel=\"noopener noreferrer\"><i  class=\"mdi social-icon mdi-facebook\"><\/i><\/a> <a href=\"#\" target=\"_self\" data-reiki-hidden=\"true\" rel=\"noopener noreferrer\"><i  class=\"mdi social-icon mdi-twitter\"><\/i><\/a> <a href=\"#\" target=\"_self\" data-reiki-hidden=\"true\" rel=\"noopener noreferrer\"><i  class=\"mdi social-icon mdi-instagram\"><\/i><\/a> <a href=\"#\" target=\"_self\" rel=\"noopener noreferrer\"><i  class=\"mdi social-icon mdi-rss\"><\/i><\/a><\/div> <\/div><\/div> <\/div><\/div><div  class=\"col-xs-12 col-sm-12 col-md-6\"> <div  class=\"row\"> <div  class=\"col-xs-12 col-sm-6 col-md-6\"> <div  class=\"card mdc-elevation--z3 no-radius image-holder\" data-fixed=\"true\"> <img decoding=\"async\"  class=\"face no-margin-bottom\" src=\"https:\/\/www.urovy.fr\/wp-content\/uploads\/2020\/09\/cropped-Logo-GHT-78Sud.png\"><\/div> <\/div> <div  class=\"col-xs-12 col-sm-6 col-md-6 right-col\"> <div  data-type=\"column\" class=\"description-container use-section-text-color\"> <h4  class=\"no-margin-bottom\">Docteur Marine SUCH-ALINAND<\/h4> <p  class=\"font-300\">Chirurgien Urologue\n<\/p>  <div  class=\"social-icons-group col-no-padding\" data-type=\"group\"> <a href=\"#\" target=\"_self\" data-reiki-hidden=\"true\" rel=\"noopener noreferrer\"><i  class=\"mdi social-icon mdi-facebook\"><\/i><\/a> <a href=\"#\" target=\"_self\" data-reiki-hidden=\"true\" rel=\"noopener noreferrer\"><i  class=\"mdi social-icon mdi-twitter\"><\/i><\/a> <a href=\"#\" target=\"_self\" data-reiki-hidden=\"true\" rel=\"noopener noreferrer\"><i  class=\"mdi social-icon mdi-instagram\"><\/i><\/a> <a href=\"#\" target=\"_self\" rel=\"noopener noreferrer\"><i  class=\"mdi social-icon mdi-rss\"><\/i><\/a><\/div> <\/div><\/div> <\/div><\/div><\/div><\/div> <\/div>","protected":false},"excerpt":{"rendered":"","protected":false},"author":1,"featured_media":0,"parent":0,"menu_order":0,"comment_status":"closed","ping_status":"closed","template":"page-templates\/homepage.php","meta":{"footnotes":""},"class_list":["post-5","page","type-page","status-publish","hentry"],"_links":{"self":[{"href":"https:\/\/www.urovy.fr\/index.php\/wp-json\/wp\/v2\/pages\/5","targetHints":{"allow":["GET"]}}],"collection":[{"href":"https:\/\/www.urovy.fr\/index.php\/wp-json\/wp\/v2\/pages"}],"about":[{"href":"https:\/\/www.urovy.fr\/index.php\/wp-json\/wp\/v2\/types\/page"}],"author":[{"embeddable":true,"href":"https:\/\/www.urovy.fr\/index.php\/wp-json\/wp\/v2\/users\/1"}],"replies":[{"embeddable":true,"href":"https:\/\/www.urovy.fr\/index.php\/wp-json\/wp\/v2\/comments?post=5"}],"version-history":[{"count":26,"href":"https:\/\/www.urovy.fr\/index.php\/wp-json\/wp\/v2\/pages\/5\/revisions"}],"predecessor-version":[{"id":150,"href":"https:\/\/www.urovy.fr\/index.php\/wp-json\/wp\/v2\/pages\/5\/revisions\/150"}],"wp:attachment":[{"href":"https:\/\/www.urovy.fr\/index.php\/wp-json\/wp\/v2\/media?parent=5"}],"curies":[{"name":"wp","href":"https:\/\/api.w.org\/{rel}","templated":true}]}}